{"id":245,"date":"2021-04-29T03:36:58","date_gmt":"2021-04-29T03:36:58","guid":{"rendered":"http:\/\/pintorsgirones.com\/index.php\/about\/"},"modified":"2022-08-27T14:29:50","modified_gmt":"2022-08-27T14:29:50","slug":"about","status":"publish","type":"page","link":"https:\/\/pintorsgirones.com\/index.php\/about\/","title":{"rendered":"Sobre nosaltres"},"content":{"rendered":"\t\t<div data-elementor-type=\"wp-page\" data-elementor-id=\"245\" class=\"elementor elementor-245\">\n\t\t\t\t\t\t\t\t\t<section class=\"elementor-section elementor-top-section elementor-element elementor-element-ea5e904 elementor-section-content-middle elementor-section-boxed elementor-section-height-default elementor-section-height-default\" data-id=\"ea5e904\" data-element_type=\"section\" data-settings=\"{&quot;background_background&quot;:&quot;classic&quot;}\">\n\t\t\t\t\t\t\t<div class=\"elementor-background-overlay\"><\/div>\n\t\t\t\t\t\t\t<div class=\"elementor-container elementor-column-gap-no\">\n\t\t\t\t\t<div class=\"elementor-column elementor-col-100 elementor-top-column elementor-element elementor-element-d122357\" data-id=\"d122357\" data-element_type=\"column\">\n\t\t\t<div class=\"elementor-widget-wrap elementor-element-populated\">\n\t\t\t\t\t\t\t\t<div class=\"elementor-element elementor-element-32e0ac0 elementor-position-left elementor-vertical-align-top elementor-widget elementor-widget-image-box\" data-id=\"32e0ac0\" data-element_type=\"widget\" data-widget_type=\"image-box.default\">\n\t\t\t\t<div class=\"elementor-widget-container\">\n\t\t\t<style>\/*! elementor - v3.6.8 - 27-07-2022 *\/\n.elementor-widget-image-box .elementor-image-box-content{width:100%}@media (min-width:768px){.elementor-widget-image-box.elementor-position-left .elementor-image-box-wrapper,.elementor-widget-image-box.elementor-position-right .elementor-image-box-wrapper{display:-webkit-box;display:-ms-flexbox;display:flex}.elementor-widget-image-box.elementor-position-right .elementor-image-box-wrapper{text-align:right;-webkit-box-orient:horizontal;-webkit-box-direction:reverse;-ms-flex-direction:row-reverse;flex-direction:row-reverse}.elementor-widget-image-box.elementor-position-left .elementor-image-box-wrapper{text-align:left;-webkit-box-orient:horizontal;-webkit-box-direction:normal;-ms-flex-direction:row;flex-direction:row}.elementor-widget-image-box.elementor-position-top .elementor-image-box-img{margin:auto}.elementor-widget-image-box.elementor-vertical-align-top .elementor-image-box-wrapper{-webkit-box-align:start;-ms-flex-align:start;align-items:flex-start}.elementor-widget-image-box.elementor-vertical-align-middle .elementor-image-box-wrapper{-webkit-box-align:center;-ms-flex-align:center;align-items:center}.elementor-widget-image-box.elementor-vertical-align-bottom .elementor-image-box-wrapper{-webkit-box-align:end;-ms-flex-align:end;align-items:flex-end}}@media (max-width:767px){.elementor-widget-image-box .elementor-image-box-img{margin-left:auto!important;margin-right:auto!important;margin-bottom:15px}}.elementor-widget-image-box .elementor-image-box-img{display:inline-block}.elementor-widget-image-box .elementor-image-box-title a{color:inherit}.elementor-widget-image-box .elementor-image-box-wrapper{text-align:center}.elementor-widget-image-box .elementor-image-box-description{margin:0}<\/style><div class=\"elementor-image-box-wrapper\"><div class=\"elementor-image-box-content\"><h1 class=\"elementor-image-box-title\">Sobre nosaltres<\/h1><p class=\"elementor-image-box-description\">Anys d'experi\u00e8ncia ens avalen. La professi\u00f3 ens ve per dues vies per la passi\u00f3 i la tradici\u00f3.<\/p><\/div><\/div>\t\t<\/div>\n\t\t\t\t<\/div>\n\t\t\t\t\t<\/div>\n\t\t<\/div>\n\t\t\t\t\t\t\t<\/div>\n\t\t<\/section>\n\t\t\t\t<section class=\"elementor-section elementor-top-section elementor-element elementor-element-f9344a0 elementor-section-content-middle elementor-section-boxed elementor-section-height-default elementor-section-height-default\" data-id=\"f9344a0\" data-element_type=\"section\" data-settings=\"{&quot;background_background&quot;:&quot;gradient&quot;}\">\n\t\t\t\t\t\t<div class=\"elementor-container elementor-column-gap-no\">\n\t\t\t\t\t<div class=\"elementor-column elementor-col-50 elementor-top-column elementor-element elementor-element-15655f1\" data-id=\"15655f1\" data-element_type=\"column\" data-settings=\"{&quot;background_background&quot;:&quot;classic&quot;}\">\n\t\t\t<div class=\"elementor-widget-wrap elementor-element-populated\">\n\t\t\t\t\t\t\t\t<div class=\"elementor-element elementor-element-90eadb9 elementor-widget elementor-widget-image\" data-id=\"90eadb9\" data-element_type=\"widget\" data-widget_type=\"image.default\">\n\t\t\t\t<div class=\"elementor-widget-container\">\n\t\t\t<style>\/*! elementor - v3.6.8 - 27-07-2022 *\/\n.elementor-widget-image{text-align:center}.elementor-widget-image a{display:inline-block}.elementor-widget-image a img[src$=\".svg\"]{width:48px}.elementor-widget-image img{vertical-align:middle;display:inline-block}<\/style>\t\t\t\t\t\t\t\t\t\t\t\t<img decoding=\"async\" src=\"https:\/\/pintorsgirones.com\/wp-content\/uploads\/2022\/08\/prova2.png\" title=\"prova2\" alt=\"prova2\" \/>\t\t\t\t\t\t\t\t\t\t\t\t\t\t\t<\/div>\n\t\t\t\t<\/div>\n\t\t\t\t\t<\/div>\n\t\t<\/div>\n\t\t\t\t<div class=\"elementor-column elementor-col-50 elementor-top-column elementor-element elementor-element-61f7779\" data-id=\"61f7779\" data-element_type=\"column\" data-settings=\"{&quot;background_background&quot;:&quot;classic&quot;}\">\n\t\t\t<div class=\"elementor-widget-wrap elementor-element-populated\">\n\t\t\t\t\t<div class=\"elementor-background-overlay\"><\/div>\n\t\t\t\t\t\t\t\t<div class=\"elementor-element elementor-element-07cae14 elementor-widget elementor-widget-heading\" data-id=\"07cae14\" data-element_type=\"widget\" data-widget_type=\"heading.default\">\n\t\t\t\t<div class=\"elementor-widget-container\">\n\t\t\t<style>\/*! elementor - v3.6.8 - 27-07-2022 *\/\n.elementor-heading-title{padding:0;margin:0;line-height:1}.elementor-widget-heading .elementor-heading-title[class*=elementor-size-]>a{color:inherit;font-size:inherit;line-height:inherit}.elementor-widget-heading .elementor-heading-title.elementor-size-small{font-size:15px}.elementor-widget-heading .elementor-heading-title.elementor-size-medium{font-size:19px}.elementor-widget-heading .elementor-heading-title.elementor-size-large{font-size:29px}.elementor-widget-heading .elementor-heading-title.elementor-size-xl{font-size:39px}.elementor-widget-heading .elementor-heading-title.elementor-size-xxl{font-size:59px}<\/style><h2 class=\"elementor-heading-title elementor-size-default\">Ubicats la prov\u00edncia de Girona<\/h2>\t\t<\/div>\n\t\t\t\t<\/div>\n\t\t\t\t<div class=\"elementor-element elementor-element-ecb910d elementor-widget elementor-widget-text-editor\" data-id=\"ecb910d\" data-element_type=\"widget\" data-widget_type=\"text-editor.default\">\n\t\t\t\t<div class=\"elementor-widget-container\">\n\t\t\t<style>\/*! elementor - v3.6.8 - 27-07-2022 *\/\n.elementor-widget-text-editor.elementor-drop-cap-view-stacked .elementor-drop-cap{background-color:#818a91;color:#fff}.elementor-widget-text-editor.elementor-drop-cap-view-framed .elementor-drop-cap{color:#818a91;border:3px solid;background-color:transparent}.elementor-widget-text-editor:not(.elementor-drop-cap-view-default) .elementor-drop-cap{margin-top:8px}.elementor-widget-text-editor:not(.elementor-drop-cap-view-default) .elementor-drop-cap-letter{width:1em;height:1em}.elementor-widget-text-editor .elementor-drop-cap{float:left;text-align:center;line-height:1;font-size:50px}.elementor-widget-text-editor .elementor-drop-cap-letter{display:inline-block}<\/style>\t\t\t\t<p>El nostre nom posa en valor el llarg recorregut i aprenentatge que amb els anys hem anat desmostrant en el nostre sector.\u00a0<\/p>\t\t\t\t\t\t<\/div>\n\t\t\t\t<\/div>\n\t\t\t\t\t<\/div>\n\t\t<\/div>\n\t\t\t\t\t\t\t<\/div>\n\t\t<\/section>\n\t\t\t\t<section class=\"elementor-section elementor-top-section elementor-element elementor-element-52a72ac elementor-section-boxed elementor-section-height-default elementor-section-height-default\" data-id=\"52a72ac\" data-element_type=\"section\">\n\t\t\t\t\t\t<div class=\"elementor-container elementor-column-gap-no\">\n\t\t\t\t\t<div class=\"elementor-column elementor-col-66 elementor-top-column elementor-element elementor-element-c38404f\" data-id=\"c38404f\" data-element_type=\"column\">\n\t\t\t<div class=\"elementor-widget-wrap elementor-element-populated\">\n\t\t\t\t\t\t\t\t<div class=\"elementor-element elementor-element-79d0a00 elementor-widget elementor-widget-heading\" data-id=\"79d0a00\" data-element_type=\"widget\" data-widget_type=\"heading.default\">\n\t\t\t\t<div class=\"elementor-widget-container\">\n\t\t\t<h3 class=\"elementor-heading-title elementor-size-default\">La nostra missi\u00f3 en el sector de la pintura<\/h3>\t\t<\/div>\n\t\t\t\t<\/div>\n\t\t\t\t<div class=\"elementor-element elementor-element-f4ea28b elementor-widget elementor-widget-text-editor\" data-id=\"f4ea28b\" data-element_type=\"widget\" data-widget_type=\"text-editor.default\">\n\t\t\t\t<div class=\"elementor-widget-container\">\n\t\t\t\t\t\t\t<p>Treballem i enfoquem tots els projectes amb la intenci\u00f3 de fer les coses f\u00e0cils i assequibles per a tots els clients. Som conscients dels mal de caps que podem arribar a sopar decidir pintar tot un pis o la fa\u00e7ana de casa, per aix\u00f2 intentem amb la nostra professionalitat i bagatge aconseguir capgirar aquesta situaci\u00f3, facilitant-vos tot el que necessiteu.\u00a0<\/p>\t\t\t\t\t\t<\/div>\n\t\t\t\t<\/div>\n\t\t\t\t\t<\/div>\n\t\t<\/div>\n\t\t\t\t<div class=\"elementor-column elementor-col-33 elementor-top-column elementor-element elementor-element-557f318\" data-id=\"557f318\" data-element_type=\"column\">\n\t\t\t<div class=\"elementor-widget-wrap elementor-element-populated\">\n\t\t\t\t\t\t\t\t<div class=\"elementor-element elementor-element-2431e64 elementor-widget elementor-widget-heading\" data-id=\"2431e64\" data-element_type=\"widget\" data-widget_type=\"heading.default\">\n\t\t\t\t<div class=\"elementor-widget-container\">\n\t\t\t<h3 class=\"elementor-heading-title elementor-size-default\">Els tres valors de Pintors Giron\u00e8s que m\u00e9s valoren els nostres clients<\/h3>\t\t<\/div>\n\t\t\t\t<\/div>\n\t\t\t\t<div class=\"elementor-element elementor-element-05f2e62 elementor-icon-list--layout-traditional elementor-list-item-link-full_width elementor-widget elementor-widget-icon-list\" data-id=\"05f2e62\" data-element_type=\"widget\" data-widget_type=\"icon-list.default\">\n\t\t\t\t<div class=\"elementor-widget-container\">\n\t\t\t<link rel=\"stylesheet\" href=\"http:\/\/pintorsgirones.com\/wp-content\/plugins\/elementor\/assets\/css\/widget-icon-list.min.css\">\t\t<ul class=\"elementor-icon-list-items\">\n\t\t\t\t\t\t\t<li class=\"elementor-icon-list-item\">\n\t\t\t\t\t\t\t\t\t\t\t<span class=\"elementor-icon-list-icon\">\n\t\t\t\t\t\t\t<i aria-hidden=\"true\" class=\"fas fa-check-circle\"><\/i>\t\t\t\t\t\t<\/span>\n\t\t\t\t\t\t\t\t\t\t<span class=\"elementor-icon-list-text\">Professionalitat<\/span>\n\t\t\t\t\t\t\t\t\t<\/li>\n\t\t\t\t\t\t\t\t<li class=\"elementor-icon-list-item\">\n\t\t\t\t\t\t\t\t\t\t\t<span class=\"elementor-icon-list-icon\">\n\t\t\t\t\t\t\t<i aria-hidden=\"true\" class=\"fas fa-check-circle\"><\/i>\t\t\t\t\t\t<\/span>\n\t\t\t\t\t\t\t\t\t\t<span class=\"elementor-icon-list-text\">Honestedad<\/span>\n\t\t\t\t\t\t\t\t\t<\/li>\n\t\t\t\t\t\t\t\t<li class=\"elementor-icon-list-item\">\n\t\t\t\t\t\t\t\t\t\t\t<span class=\"elementor-icon-list-icon\">\n\t\t\t\t\t\t\t<i aria-hidden=\"true\" class=\"fas fa-check-circle\"><\/i>\t\t\t\t\t\t<\/span>\n\t\t\t\t\t\t\t\t\t\t<span class=\"elementor-icon-list-text\">Efici\u00e8ncia<\/span>\n\t\t\t\t\t\t\t\t\t<\/li>\n\t\t\t\t\t\t<\/ul>\n\t\t\t\t<\/div>\n\t\t\t\t<\/div>\n\t\t\t\t\t<\/div>\n\t\t<\/div>\n\t\t\t\t\t\t\t<\/div>\n\t\t<\/section>\n\t\t\t\t<section class=\"elementor-section elementor-top-section elementor-element elementor-element-0379e33 elementor-section-content-middle elementor-reverse-mobile elementor-section-boxed elementor-section-height-default elementor-section-height-default\" data-id=\"0379e33\" data-element_type=\"section\" data-settings=\"{&quot;background_background&quot;:&quot;gradient&quot;}\">\n\t\t\t\t\t\t<div class=\"elementor-container elementor-column-gap-no\">\n\t\t\t\t\t<div class=\"elementor-column elementor-col-50 elementor-top-column elementor-element elementor-element-adf552c\" data-id=\"adf552c\" data-element_type=\"column\" data-settings=\"{&quot;background_background&quot;:&quot;classic&quot;}\">\n\t\t\t<div class=\"elementor-widget-wrap elementor-element-populated\">\n\t\t\t\t\t<div class=\"elementor-background-overlay\"><\/div>\n\t\t\t\t\t\t\t\t<div class=\"elementor-element elementor-element-ec8449b elementor-widget elementor-widget-heading\" data-id=\"ec8449b\" data-element_type=\"widget\" data-widget_type=\"heading.default\">\n\t\t\t\t<div class=\"elementor-widget-container\">\n\t\t\t<h2 class=\"elementor-heading-title elementor-size-default\">Vols saber m\u00e9s de Pintors Giron\u00e8s?<\/h2>\t\t<\/div>\n\t\t\t\t<\/div>\n\t\t\t\t<div class=\"elementor-element elementor-element-71d6426 elementor-widget elementor-widget-text-editor\" data-id=\"71d6426\" data-element_type=\"widget\" data-widget_type=\"text-editor.default\">\n\t\t\t\t<div class=\"elementor-widget-container\">\n\t\t\t\t\t\t\t<p>No tens clar si et podrem ajudar, si podem oferir-te el servei que necessites o fins hi tot tens en ment fer un canvi en el teu habitatge per\u00f2 no saps per on comen\u00e7ar.\u00a0<\/p><p>Contacte amb nosaltres i un dels nostres professionals t&#8217;assessorar\u00e0 i et guiar\u00e0 amb all\u00f2 que m\u00e9s et convingui.\u00a0<\/p><p>No ho dubtis m\u00e9s i demana el teu pressupost sense comprom\u00eds.\u00a0<\/p>\t\t\t\t\t\t<\/div>\n\t\t\t\t<\/div>\n\t\t\t\t<div class=\"elementor-element elementor-element-a3cf43e elementor-align-center elementor-widget elementor-widget-button\" data-id=\"a3cf43e\" data-element_type=\"widget\" data-widget_type=\"button.default\">\n\t\t\t\t<div class=\"elementor-widget-container\">\n\t\t\t\t\t<div class=\"elementor-button-wrapper\">\n\t\t\t<a href=\"http:\/\/pintorsgirones.com\/index.php\/pressupost-de-pintura-a-girona-gratuit\/\" class=\"elementor-button-link elementor-button elementor-size-md\" role=\"button\">\n\t\t\t\t\t\t<span class=\"elementor-button-content-wrapper\">\n\t\t\t\t\t\t<span class=\"elementor-button-text\">Pressupost GRATU\u00cfT<\/span>\n\t\t<\/span>\n\t\t\t\t\t<\/a>\n\t\t<\/div>\n\t\t\t\t<\/div>\n\t\t\t\t<\/div>\n\t\t\t\t\t<\/div>\n\t\t<\/div>\n\t\t\t\t<div class=\"elementor-column elementor-col-50 elementor-top-column elementor-element elementor-element-5643794\" data-id=\"5643794\" data-element_type=\"column\" data-settings=\"{&quot;background_background&quot;:&quot;classic&quot;}\">\n\t\t\t<div class=\"elementor-widget-wrap elementor-element-populated\">\n\t\t\t\t\t\t\t\t<div class=\"elementor-element elementor-element-9e493d9 elementor-widget elementor-widget-image\" data-id=\"9e493d9\" data-element_type=\"widget\" data-widget_type=\"image.default\">\n\t\t\t\t<div class=\"elementor-widget-container\">\n\t\t\t\t\t\t\t\t\t\t\t\t\t\t\t<img decoding=\"async\" src=\"https:\/\/pintorsgirones.com\/wp-content\/uploads\/2022\/08\/Qualitat.png\" title=\"pintors-giron\u00e8s\" alt=\"pintors-giron\u00e8s pintors de confian\u00e7a a Girona\" \/>\t\t\t\t\t\t\t\t\t\t\t\t\t\t\t<\/div>\n\t\t\t\t<\/div>\n\t\t\t\t\t<\/div>\n\t\t<\/div>\n\t\t\t\t\t\t\t<\/div>\n\t\t<\/section>\n\t\t\t\t\t\t\t<\/div>\n\t\t","protected":false},"excerpt":{"rendered":"<p>Sobre nosaltres Anys d&#8217;experi\u00e8ncia ens avalen. La professi\u00f3 ens ve per dues vies per la passi\u00f3 i la tradici\u00f3. Ubicats la prov\u00edncia de Girona El nostre nom posa en valor el llarg recorregut i aprenentatge que amb els anys hem anat desmostrant en el nostre sector.\u00a0 La nostra missi\u00f3 en el sector de la pintura &hellip;<\/p>\n<p class=\"read-more\"> <a class=\"\" href=\"https:\/\/pintorsgirones.com\/index.php\/about\/\"> <span class=\"screen-reader-text\">Sobre nosaltres<\/span> Leer m\u00e1s &raquo;<\/a><\/p>\n","protected":false},"author":1,"featured_media":0,"parent":0,"menu_order":0,"comment_status":"closed","ping_status":"closed","template":"","meta":{"site-sidebar-layout":"no-sidebar","site-content-layout":"page-builder","ast-global-header-display":"","ast-main-header-display":"","ast-hfb-above-header-display":"","ast-hfb-below-header-display":"","ast-hfb-mobile-header-display":"","site-post-title":"disabled","ast-breadcrumbs-content":"","ast-featured-img":"disabled","footer-sml-layout":"","theme-transparent-header-meta":"enabled","adv-header-id-meta":"","stick-header-meta":"","header-above-stick-meta":"","header-main-stick-meta":"","header-below-stick-meta":"","footnotes":"","_joinchat":[]},"yoast_head":"<!-- This site is optimized with the Yoast SEO plugin v19.7.2 - https:\/\/yoast.com\/wordpress\/plugins\/seo\/ -->\n<title>Pintors Giron\u00e8s -Sobre nosaltres<\/title>\n<meta name=\"description\" content=\"Apassionats de la pintura i la feina ben feta ens dediquem a treballar a tota la prov\u00edncia de Girona. Anys d&#039;experi\u00e8ncia ens avalen.\" \/>\n<meta name=\"robots\" content=\"index, follow, max-snippet:-1, max-image-preview:large, max-video-preview:-1\" \/>\n<link rel=\"canonical\" href=\"https:\/\/pintorsgirones.com\/index.php\/about\/\" \/>\n<meta property=\"og:locale\" content=\"es_ES\" \/>\n<meta property=\"og:type\" content=\"article\" \/>\n<meta property=\"og:title\" content=\"Pintors Giron\u00e8s -Sobre nosaltres\" \/>\n<meta property=\"og:description\" content=\"Apassionats de la pintura i la feina ben feta ens dediquem a treballar a tota la prov\u00edncia de Girona. Anys d&#039;experi\u00e8ncia ens avalen.\" \/>\n<meta property=\"og:url\" content=\"https:\/\/pintorsgirones.com\/index.php\/about\/\" \/>\n<meta property=\"og:site_name\" content=\"Pintors Giron&egrave;s\" \/>\n<meta property=\"article:modified_time\" content=\"2022-08-27T14:29:50+00:00\" \/>\n<meta property=\"og:image\" content=\"http:\/\/pintorsgirones.com\/wp-content\/uploads\/elementor\/thumbs\/prova2-ptbdguynb0isuk18z5ndkf7411ti0sw9pcp1smbg58.png\" \/>\n<meta name=\"twitter:card\" content=\"summary_large_image\" \/>\n<meta name=\"twitter:label1\" content=\"Tiempo de lectura\" \/>\n\t<meta name=\"twitter:data1\" content=\"2 minutos\" \/>\n<script type=\"application\/ld+json\" class=\"yoast-schema-graph\">{\"@context\":\"https:\/\/schema.org\",\"@graph\":[{\"@type\":\"WebPage\",\"@id\":\"https:\/\/pintorsgirones.com\/index.php\/about\/\",\"url\":\"https:\/\/pintorsgirones.com\/index.php\/about\/\",\"name\":\"Pintors Giron\u00e8s -Sobre nosaltres\",\"isPartOf\":{\"@id\":\"https:\/\/pintorsgirones.com\/#website\"},\"datePublished\":\"2021-04-29T03:36:58+00:00\",\"dateModified\":\"2022-08-27T14:29:50+00:00\",\"description\":\"Apassionats de la pintura i la feina ben feta ens dediquem a treballar a tota la prov\u00edncia de Girona. Anys d'experi\u00e8ncia ens avalen.\",\"breadcrumb\":{\"@id\":\"https:\/\/pintorsgirones.com\/index.php\/about\/#breadcrumb\"},\"inLanguage\":\"es\",\"potentialAction\":[{\"@type\":\"ReadAction\",\"target\":[\"https:\/\/pintorsgirones.com\/index.php\/about\/\"]}]},{\"@type\":\"BreadcrumbList\",\"@id\":\"https:\/\/pintorsgirones.com\/index.php\/about\/#breadcrumb\",\"itemListElement\":[{\"@type\":\"ListItem\",\"position\":1,\"name\":\"Portada\",\"item\":\"https:\/\/pintorsgirones.com\/\"},{\"@type\":\"ListItem\",\"position\":2,\"name\":\"Sobre nosaltres\"}]},{\"@type\":\"WebSite\",\"@id\":\"https:\/\/pintorsgirones.com\/#website\",\"url\":\"https:\/\/pintorsgirones.com\/\",\"name\":\"Pintors Giron&egrave;s\",\"description\":\"Pintors de confian&ccedil;a la prov&iacute;ncia de Girona\",\"publisher\":{\"@id\":\"https:\/\/pintorsgirones.com\/#organization\"},\"potentialAction\":[{\"@type\":\"SearchAction\",\"target\":{\"@type\":\"EntryPoint\",\"urlTemplate\":\"https:\/\/pintorsgirones.com\/?s={search_term_string}\"},\"query-input\":\"required name=search_term_string\"}],\"inLanguage\":\"es\"},{\"@type\":\"Organization\",\"@id\":\"https:\/\/pintorsgirones.com\/#organization\",\"name\":\"Pintors Giron&egrave;s\",\"url\":\"https:\/\/pintorsgirones.com\/\",\"sameAs\":[],\"logo\":{\"@type\":\"ImageObject\",\"inLanguage\":\"es\",\"@id\":\"https:\/\/pintorsgirones.com\/#\/schema\/logo\/image\/\",\"url\":\"https:\/\/pintorsgirones.com\/wp-content\/uploads\/2022\/08\/cropped-Qualitat.png\",\"contentUrl\":\"https:\/\/pintorsgirones.com\/wp-content\/uploads\/2022\/08\/cropped-Qualitat.png\",\"width\":500,\"height\":166,\"caption\":\"Pintors Giron&egrave;s\"},\"image\":{\"@id\":\"https:\/\/pintorsgirones.com\/#\/schema\/logo\/image\/\"}}]}<\/script>\n<!-- \/ Yoast SEO plugin. -->","yoast_head_json":{"title":"Pintors Giron\u00e8s -Sobre nosaltres","description":"Apassionats de la pintura i la feina ben feta ens dediquem a treballar a tota la prov\u00edncia de Girona. Anys d'experi\u00e8ncia ens avalen.","robots":{"index":"index","follow":"follow","max-snippet":"max-snippet:-1","max-image-preview":"max-image-preview:large","max-video-preview":"max-video-preview:-1"},"canonical":"https:\/\/pintorsgirones.com\/index.php\/about\/","og_locale":"es_ES","og_type":"article","og_title":"Pintors Giron\u00e8s -Sobre nosaltres","og_description":"Apassionats de la pintura i la feina ben feta ens dediquem a treballar a tota la prov\u00edncia de Girona. Anys d'experi\u00e8ncia ens avalen.","og_url":"https:\/\/pintorsgirones.com\/index.php\/about\/","og_site_name":"Pintors Giron&egrave;s","article_modified_time":"2022-08-27T14:29:50+00:00","og_image":[{"url":"http:\/\/pintorsgirones.com\/wp-content\/uploads\/elementor\/thumbs\/prova2-ptbdguynb0isuk18z5ndkf7411ti0sw9pcp1smbg58.png"}],"twitter_card":"summary_large_image","twitter_misc":{"Tiempo de lectura":"2 minutos"},"schema":{"@context":"https:\/\/schema.org","@graph":[{"@type":"WebPage","@id":"https:\/\/pintorsgirones.com\/index.php\/about\/","url":"https:\/\/pintorsgirones.com\/index.php\/about\/","name":"Pintors Giron\u00e8s -Sobre nosaltres","isPartOf":{"@id":"https:\/\/pintorsgirones.com\/#website"},"datePublished":"2021-04-29T03:36:58+00:00","dateModified":"2022-08-27T14:29:50+00:00","description":"Apassionats de la pintura i la feina ben feta ens dediquem a treballar a tota la prov\u00edncia de Girona. Anys d'experi\u00e8ncia ens avalen.","breadcrumb":{"@id":"https:\/\/pintorsgirones.com\/index.php\/about\/#breadcrumb"},"inLanguage":"es","potentialAction":[{"@type":"ReadAction","target":["https:\/\/pintorsgirones.com\/index.php\/about\/"]}]},{"@type":"BreadcrumbList","@id":"https:\/\/pintorsgirones.com\/index.php\/about\/#breadcrumb","itemListElement":[{"@type":"ListItem","position":1,"name":"Portada","item":"https:\/\/pintorsgirones.com\/"},{"@type":"ListItem","position":2,"name":"Sobre nosaltres"}]},{"@type":"WebSite","@id":"https:\/\/pintorsgirones.com\/#website","url":"https:\/\/pintorsgirones.com\/","name":"Pintors Giron&egrave;s","description":"Pintors de confian&ccedil;a la prov&iacute;ncia de Girona","publisher":{"@id":"https:\/\/pintorsgirones.com\/#organization"},"potentialAction":[{"@type":"SearchAction","target":{"@type":"EntryPoint","urlTemplate":"https:\/\/pintorsgirones.com\/?s={search_term_string}"},"query-input":"required name=search_term_string"}],"inLanguage":"es"},{"@type":"Organization","@id":"https:\/\/pintorsgirones.com\/#organization","name":"Pintors Giron&egrave;s","url":"https:\/\/pintorsgirones.com\/","sameAs":[],"logo":{"@type":"ImageObject","inLanguage":"es","@id":"https:\/\/pintorsgirones.com\/#\/schema\/logo\/image\/","url":"https:\/\/pintorsgirones.com\/wp-content\/uploads\/2022\/08\/cropped-Qualitat.png","contentUrl":"https:\/\/pintorsgirones.com\/wp-content\/uploads\/2022\/08\/cropped-Qualitat.png","width":500,"height":166,"caption":"Pintors Giron&egrave;s"},"image":{"@id":"https:\/\/pintorsgirones.com\/#\/schema\/logo\/image\/"}}]}},"_links":{"self":[{"href":"https:\/\/pintorsgirones.com\/index.php\/wp-json\/wp\/v2\/pages\/245"}],"collection":[{"href":"https:\/\/pintorsgirones.com\/index.php\/wp-json\/wp\/v2\/pages"}],"about":[{"href":"https:\/\/pintorsgirones.com\/index.php\/wp-json\/wp\/v2\/types\/page"}],"author":[{"embeddable":true,"href":"https:\/\/pintorsgirones.com\/index.php\/wp-json\/wp\/v2\/users\/1"}],"replies":[{"embeddable":true,"href":"https:\/\/pintorsgirones.com\/index.php\/wp-json\/wp\/v2\/comments?post=245"}],"version-history":[{"count":15,"href":"https:\/\/pintorsgirones.com\/index.php\/wp-json\/wp\/v2\/pages\/245\/revisions"}],"predecessor-version":[{"id":1295,"href":"https:\/\/pintorsgirones.com\/index.php\/wp-json\/wp\/v2\/pages\/245\/revisions\/1295"}],"wp:attachment":[{"href":"https:\/\/pintorsgirones.com\/index.php\/wp-json\/wp\/v2\/media?parent=245"}],"curies":[{"name":"wp","href":"https:\/\/api.w.org\/{rel}","templated":true}]}}