{"id":3,"date":"2022-08-14T12:46:52","date_gmt":"2022-08-14T12:46:52","guid":{"rendered":"http:\/\/pintorsgirones.com\/?page_id=3"},"modified":"2022-08-27T14:32:17","modified_gmt":"2022-08-27T14:32:17","slug":"privacy-policy","status":"publish","type":"page","link":"https:\/\/pintorsgirones.com\/index.php\/privacy-policy\/","title":{"rendered":"Pol\u00edtica de Privacitat"},"content":{"rendered":"\n<p><strong>Identificaci\u00f3n del titular<\/strong><\/p>\n\n\n\n<p>www.pintorsgirones.com es un dominio titularidad de&nbsp;<strong>Cesc Illa,&nbsp;<\/strong>DNI 47716544P, con domicilio profesional en C. Macanet de la Selva,1, Sils y direcci\u00f3n de correo electr\u00f3nico&nbsp;<em>info@pintorsgirones.com<\/em><\/p>\n\n\n\n<p><strong>Protecci\u00f3n de datos<\/strong><\/p>\n\n\n\n<p>La Sr.&nbsp;<strong>Cesc ILLA<\/strong>&nbsp;es el Responsable del tratamiento de los datos personales del&nbsp;<strong>Usuario<\/strong>&nbsp;y le informa que estos datos ser\u00e1n tratados de conformidad con lo dispuesto en las normativas vigentes en protecci\u00f3n de datos y conforme a la normativa vigente de la sociedad de la informaci\u00f3n, por lo que se facilita la siguiente informaci\u00f3n del tratamiento:<\/p>\n\n\n\n<ul><li><strong>Fin del tratamiento:<\/strong>&nbsp;mantener una relaci\u00f3n comercial con el Usuario. Las operaciones previstas son la remisi\u00f3n de comunicaciones comerciales publicitarias por email. Estas comunicaciones ser\u00e1n realizadas por el Resposanble y relacionadas sobre sus productos y servicios o de sus colaboradores. En este caso, los terceros nunca tendr\u00e1n acceso a los datos personales.<\/li><li><strong>Realizar estudios estad\u00edsticos.<\/strong><\/li><li><strong>Tramitar encargos, solicitudes o cualquier tipo de petici\u00f3n que sea realizada por el usuario&nbsp;<\/strong>a trav\u00e9s de cualquiera de las formas de contacto que se ponen a su disposici\u00f3n. En caso de que presente por v\u00eda electr\u00f3nica y\/o a trav\u00e9s de un formulario web su curr\u00edculum, sus datos se tratar\u00e1n confidencialmente y con la finalidad exclusiva de la tramitaci\u00f3n de su candidatura.<\/li><\/ul>\n\n\n\n<p><strong>Criterios de conservaci\u00f3n de los datos:<\/strong>&nbsp;se conservar\u00e1n mientras exista un inter\u00e9s mutuo para mantener el fin del tratamiento y cuando ya no sea necesario para tal fin, se suprimir\u00e1n con medidas de seguridad adecuadas.<\/p>\n\n\n\n<p><strong>Destinatarios de los datos:&nbsp;<\/strong>Salvo obligaci\u00f3n legal, se informa y garantiza expresamente a los usuarios que sus datos personales no ser\u00e1n cedidos en ning\u00fan caso a terceros, y que siempre que realizar\u00e1 alg\u00fan tipo de cesi\u00f3n de datos personales, se pedir\u00e1 previamente el consentimiento expreso, informado e inequ\u00edvoco por parte los Usuarios.<\/p>\n\n\n\n<p><strong><br>Derechos que asisten al Usuario:<\/strong><\/p>\n\n\n\n<ul><li>Derecho a retirar el consentimiento en cualquier momento.<\/li><li>Derecho de acceso, rectificaci\u00f3n, portabilidad y supresi\u00f3n de sus datos y a la limitaci\u00f3n u oposici\u00f3n al su tratamiento.<br>Podr\u00e1 revocar en cualquier momento el consentimiento prestado a la recepci\u00f3n de comunicaciones comerciales, enviando su solicitud al correo electr\u00f3nico&nbsp;<strong>info@pintorsgirones.com<\/strong><br><em>Datos de contacto para ejercer sus derechos:<br>Direcci\u00f3n postal: c.Macanet de la Selva, 1, Sils, Girona<br>Direcci\u00f3n electr\u00f3nica: info@pintorsgirones.com<\/em><\/li><li>Los Usuarios, mediante la marcaci\u00f3n de las casilla correspondiente y entrada de datos en los campos, aceptan expresamente y de forma libre e inequ\u00edvoca, que sus datos son necesarios para atender su petici\u00f3n, por parte del prestador, siendo voluntaria la inclusi\u00f3n de datos en los campos restantes.<\/li><\/ul>\n\n\n\n<p><strong>Exenci\u00f3n de responsabilidades<\/strong><strong>\ufeff<\/strong><\/p>\n\n\n\n<p><strong>El Responsable&nbsp;<\/strong>se exime de cualquier tipo de responsabilidad derivada de la informaci\u00f3n publicada en su sitio web, siempre que esta informaci\u00f3n no haya sido contrastada o verificada personalmente.<\/p>\n\n\n\n<p><strong>Direcciones IP<\/strong><strong>\ufeff<\/strong><\/p>\n\n\n\n<p>Los servidores del sitio web podr\u00e1n detectar de manera autom\u00e1tica la direcci\u00f3n IP y el nombre de dominio utilizados por el usuario. Una direcci\u00f3n IP es un n\u00famero asignado autom\u00e1ticamente a un ordenador cuando \u00e9ste se conecta a Internet. Toda esta informaci\u00f3n es registrada en un fichero de actividad del servidor debidamente inscrito que permite el posterior procesamiento de los datos con el fin de obtener mediciones \u00fanicamente estad\u00edsticas que permitan conocer el n\u00famero de impresiones de p\u00e1ginas, el n\u00famero de visitas realizadas a los servidores web, el orden de visitas, el punto de acceso, etc.<\/p>\n","protected":false},"excerpt":{"rendered":"<p>Identificaci\u00f3n del titular www.pintorsgirones.com es un dominio titularidad de&nbsp;Cesc Illa,&nbsp;DNI 47716544P, con domicilio profesional en C. Macanet de la Selva,1, Sils y direcci\u00f3n de correo electr\u00f3nico&nbsp;info@pintorsgirones.com Protecci\u00f3n de datos La Sr.&nbsp;Cesc ILLA&nbsp;es el Responsable del tratamiento de los datos personales del&nbsp;Usuario&nbsp;y le informa que estos datos ser\u00e1n tratados de conformidad con lo dispuesto en las &hellip;<\/p>\n<p class=\"read-more\"> <a class=\"\" href=\"https:\/\/pintorsgirones.com\/index.php\/privacy-policy\/\"> <span class=\"screen-reader-text\">Pol\u00edtica de Privacitat<\/span> Leer m\u00e1s &raquo;<\/a><\/p>\n","protected":false},"author":1,"featured_media":0,"parent":0,"menu_order":0,"comment_status":"closed","ping_status":"open","template":"","meta":{"site-sidebar-layout":"default","site-content-layout":"default","ast-global-header-display":"","ast-main-header-display":"","ast-hfb-above-header-display":"","ast-hfb-below-header-display":"","ast-hfb-mobile-header-display":"","site-post-title":"","ast-breadcrumbs-content":"","ast-featured-img":"","footer-sml-layout":"","theme-transparent-header-meta":"","adv-header-id-meta":"","stick-header-meta":"","header-above-stick-meta":"","header-main-stick-meta":"","header-below-stick-meta":"","footnotes":"","_joinchat":[]},"yoast_head":"<!-- This site is optimized with the Yoast SEO plugin v19.7.2 - https:\/\/yoast.com\/wordpress\/plugins\/seo\/ -->\n<title>Pol\u00edtica de Privacitat - Pintors Giron&egrave;s<\/title>\n<meta name=\"robots\" content=\"noindex, follow\" \/>\n<meta property=\"og:locale\" content=\"es_ES\" \/>\n<meta property=\"og:type\" content=\"article\" \/>\n<meta property=\"og:title\" content=\"Pol\u00edtica de Privacitat - Pintors Giron&egrave;s\" \/>\n<meta property=\"og:description\" content=\"Identificaci\u00f3n del titular www.pintorsgirones.com es un dominio titularidad de&nbsp;Cesc Illa,&nbsp;DNI 47716544P, con domicilio profesional en C. Macanet de la Selva,1, Sils y direcci\u00f3n de correo electr\u00f3nico&nbsp;info@pintorsgirones.com Protecci\u00f3n de datos La Sr.&nbsp;Cesc ILLA&nbsp;es el Responsable del tratamiento de los datos personales del&nbsp;Usuario&nbsp;y le informa que estos datos ser\u00e1n tratados de conformidad con lo dispuesto en las &hellip; Pol\u00edtica de Privacitat Leer m\u00e1s &raquo;\" \/>\n<meta property=\"og:url\" content=\"https:\/\/pintorsgirones.com\/index.php\/privacy-policy\/\" \/>\n<meta property=\"og:site_name\" content=\"Pintors Giron&egrave;s\" \/>\n<meta property=\"article:modified_time\" content=\"2022-08-27T14:32:17+00:00\" \/>\n<meta property=\"og:image\" content=\"https:\/\/pintorsgirones.com\/wp-content\/uploads\/2022\/09\/GMB2.jpg\" \/>\n\t<meta property=\"og:image:width\" content=\"1080\" \/>\n\t<meta property=\"og:image:height\" content=\"608\" \/>\n\t<meta property=\"og:image:type\" content=\"image\/jpeg\" \/>\n<meta name=\"twitter:card\" content=\"summary_large_image\" \/>\n<meta name=\"twitter:label1\" content=\"Tiempo de lectura\" \/>\n\t<meta name=\"twitter:data1\" content=\"3 minutos\" \/>\n<script type=\"application\/ld+json\" class=\"yoast-schema-graph\">{\"@context\":\"https:\/\/schema.org\",\"@graph\":[{\"@type\":\"WebPage\",\"@id\":\"https:\/\/pintorsgirones.com\/index.php\/privacy-policy\/\",\"url\":\"https:\/\/pintorsgirones.com\/index.php\/privacy-policy\/\",\"name\":\"Pol\u00edtica de Privacitat - Pintors Giron&egrave;s\",\"isPartOf\":{\"@id\":\"https:\/\/pintorsgirones.com\/#website\"},\"datePublished\":\"2022-08-14T12:46:52+00:00\",\"dateModified\":\"2022-08-27T14:32:17+00:00\",\"breadcrumb\":{\"@id\":\"https:\/\/pintorsgirones.com\/index.php\/privacy-policy\/#breadcrumb\"},\"inLanguage\":\"es\",\"potentialAction\":[{\"@type\":\"ReadAction\",\"target\":[\"https:\/\/pintorsgirones.com\/index.php\/privacy-policy\/\"]}]},{\"@type\":\"BreadcrumbList\",\"@id\":\"https:\/\/pintorsgirones.com\/index.php\/privacy-policy\/#breadcrumb\",\"itemListElement\":[{\"@type\":\"ListItem\",\"position\":1,\"name\":\"Portada\",\"item\":\"https:\/\/pintorsgirones.com\/\"},{\"@type\":\"ListItem\",\"position\":2,\"name\":\"Pol\u00edtica de Privacitat\"}]},{\"@type\":\"WebSite\",\"@id\":\"https:\/\/pintorsgirones.com\/#website\",\"url\":\"https:\/\/pintorsgirones.com\/\",\"name\":\"Pintors Giron&egrave;s\",\"description\":\"Pintors de confian&ccedil;a la prov&iacute;ncia de Girona\",\"publisher\":{\"@id\":\"https:\/\/pintorsgirones.com\/#organization\"},\"potentialAction\":[{\"@type\":\"SearchAction\",\"target\":{\"@type\":\"EntryPoint\",\"urlTemplate\":\"https:\/\/pintorsgirones.com\/?s={search_term_string}\"},\"query-input\":\"required name=search_term_string\"}],\"inLanguage\":\"es\"},{\"@type\":\"Organization\",\"@id\":\"https:\/\/pintorsgirones.com\/#organization\",\"name\":\"Pintors Giron&egrave;s\",\"url\":\"https:\/\/pintorsgirones.com\/\",\"sameAs\":[],\"logo\":{\"@type\":\"ImageObject\",\"inLanguage\":\"es\",\"@id\":\"https:\/\/pintorsgirones.com\/#\/schema\/logo\/image\/\",\"url\":\"https:\/\/pintorsgirones.com\/wp-content\/uploads\/2022\/08\/cropped-Qualitat.png\",\"contentUrl\":\"https:\/\/pintorsgirones.com\/wp-content\/uploads\/2022\/08\/cropped-Qualitat.png\",\"width\":500,\"height\":166,\"caption\":\"Pintors Giron&egrave;s\"},\"image\":{\"@id\":\"https:\/\/pintorsgirones.com\/#\/schema\/logo\/image\/\"}}]}<\/script>\n<!-- \/ Yoast SEO plugin. -->","yoast_head_json":{"title":"Pol\u00edtica de Privacitat - Pintors Giron&egrave;s","robots":{"index":"noindex","follow":"follow"},"og_locale":"es_ES","og_type":"article","og_title":"Pol\u00edtica de Privacitat - Pintors Giron&egrave;s","og_description":"Identificaci\u00f3n del titular www.pintorsgirones.com es un dominio titularidad de&nbsp;Cesc Illa,&nbsp;DNI 47716544P, con domicilio profesional en C. Macanet de la Selva,1, Sils y direcci\u00f3n de correo electr\u00f3nico&nbsp;info@pintorsgirones.com Protecci\u00f3n de datos La Sr.&nbsp;Cesc ILLA&nbsp;es el Responsable del tratamiento de los datos personales del&nbsp;Usuario&nbsp;y le informa que estos datos ser\u00e1n tratados de conformidad con lo dispuesto en las &hellip; Pol\u00edtica de Privacitat Leer m\u00e1s &raquo;","og_url":"https:\/\/pintorsgirones.com\/index.php\/privacy-policy\/","og_site_name":"Pintors Giron&egrave;s","article_modified_time":"2022-08-27T14:32:17+00:00","og_image":[{"width":1080,"height":608,"url":"https:\/\/pintorsgirones.com\/wp-content\/uploads\/2022\/09\/GMB2.jpg","type":"image\/jpeg"}],"twitter_card":"summary_large_image","twitter_misc":{"Tiempo de lectura":"3 minutos"},"schema":{"@context":"https:\/\/schema.org","@graph":[{"@type":"WebPage","@id":"https:\/\/pintorsgirones.com\/index.php\/privacy-policy\/","url":"https:\/\/pintorsgirones.com\/index.php\/privacy-policy\/","name":"Pol\u00edtica de Privacitat - Pintors Giron&egrave;s","isPartOf":{"@id":"https:\/\/pintorsgirones.com\/#website"},"datePublished":"2022-08-14T12:46:52+00:00","dateModified":"2022-08-27T14:32:17+00:00","breadcrumb":{"@id":"https:\/\/pintorsgirones.com\/index.php\/privacy-policy\/#breadcrumb"},"inLanguage":"es","potentialAction":[{"@type":"ReadAction","target":["https:\/\/pintorsgirones.com\/index.php\/privacy-policy\/"]}]},{"@type":"BreadcrumbList","@id":"https:\/\/pintorsgirones.com\/index.php\/privacy-policy\/#breadcrumb","itemListElement":[{"@type":"ListItem","position":1,"name":"Portada","item":"https:\/\/pintorsgirones.com\/"},{"@type":"ListItem","position":2,"name":"Pol\u00edtica de Privacitat"}]},{"@type":"WebSite","@id":"https:\/\/pintorsgirones.com\/#website","url":"https:\/\/pintorsgirones.com\/","name":"Pintors Giron&egrave;s","description":"Pintors de confian&ccedil;a la prov&iacute;ncia de Girona","publisher":{"@id":"https:\/\/pintorsgirones.com\/#organization"},"potentialAction":[{"@type":"SearchAction","target":{"@type":"EntryPoint","urlTemplate":"https:\/\/pintorsgirones.com\/?s={search_term_string}"},"query-input":"required name=search_term_string"}],"inLanguage":"es"},{"@type":"Organization","@id":"https:\/\/pintorsgirones.com\/#organization","name":"Pintors Giron&egrave;s","url":"https:\/\/pintorsgirones.com\/","sameAs":[],"logo":{"@type":"ImageObject","inLanguage":"es","@id":"https:\/\/pintorsgirones.com\/#\/schema\/logo\/image\/","url":"https:\/\/pintorsgirones.com\/wp-content\/uploads\/2022\/08\/cropped-Qualitat.png","contentUrl":"https:\/\/pintorsgirones.com\/wp-content\/uploads\/2022\/08\/cropped-Qualitat.png","width":500,"height":166,"caption":"Pintors Giron&egrave;s"},"image":{"@id":"https:\/\/pintorsgirones.com\/#\/schema\/logo\/image\/"}}]}},"_links":{"self":[{"href":"https:\/\/pintorsgirones.com\/index.php\/wp-json\/wp\/v2\/pages\/3"}],"collection":[{"href":"https:\/\/pintorsgirones.com\/index.php\/wp-json\/wp\/v2\/pages"}],"about":[{"href":"https:\/\/pintorsgirones.com\/index.php\/wp-json\/wp\/v2\/types\/page"}],"author":[{"embeddable":true,"href":"https:\/\/pintorsgirones.com\/index.php\/wp-json\/wp\/v2\/users\/1"}],"replies":[{"embeddable":true,"href":"https:\/\/pintorsgirones.com\/index.php\/wp-json\/wp\/v2\/comments?post=3"}],"version-history":[{"count":1,"href":"https:\/\/pintorsgirones.com\/index.php\/wp-json\/wp\/v2\/pages\/3\/revisions"}],"predecessor-version":[{"id":1230,"href":"https:\/\/pintorsgirones.com\/index.php\/wp-json\/wp\/v2\/pages\/3\/revisions\/1230"}],"wp:attachment":[{"href":"https:\/\/pintorsgirones.com\/index.php\/wp-json\/wp\/v2\/media?parent=3"}],"curies":[{"name":"wp","href":"https:\/\/api.w.org\/{rel}","templated":true}]}}